{"id":945,"date":"2024-10-23T12:42:20","date_gmt":"2024-10-23T12:42:20","guid":{"rendered":"https:\/\/toraricalerum.se\/?page_id=945"},"modified":"2026-04-25T20:05:39","modified_gmt":"2026-04-25T18:05:39","slug":"lunch","status":"publish","type":"page","link":"https:\/\/toraricalerum.se\/en\/lunch\/","title":{"rendered":"Lunch"},"content":{"rendered":"\t\t<div data-elementor-type=\"wp-page\" data-elementor-id=\"945\" class=\"elementor elementor-945\">\n\t\t\t\t<div class=\"elementor-element elementor-element-c71191e e-con-full e-flex e-con e-parent\" data-id=\"c71191e\" data-element_type=\"container\" data-e-type=\"container\" data-settings=\"{&quot;background_background&quot;:&quot;slideshow&quot;,&quot;background_slideshow_gallery&quot;:[{&quot;id&quot;:1683,&quot;url&quot;:&quot;https:\\\/\\\/toraricalerum.se\\\/wp-content\\\/uploads\\\/2024\\\/11\\\/toraica-buffet.webp&quot;},{&quot;id&quot;:1244,&quot;url&quot;:&quot;https:\\\/\\\/toraricalerum.se\\\/wp-content\\\/uploads\\\/2024\\\/10\\\/615-Catchy-BBQ-Team-Names-That-Will-Smoke-the-Competition.jpg.webp&quot;},{&quot;id&quot;:759,&quot;url&quot;:&quot;https:\\\/\\\/toraricalerum.se\\\/wp-content\\\/uploads\\\/2024\\\/10\\\/dsc_1939.jpg&quot;}],&quot;background_slideshow_slide_duration&quot;:1000,&quot;background_slideshow_transition_duration&quot;:8000,&quot;background_slideshow_loop&quot;:&quot;yes&quot;,&quot;background_slideshow_slide_transition&quot;:&quot;fade&quot;}\">\n\t\t\t\t<div class=\"elementor-element elementor-element-4c9e3a0 elementor-widget-mobile__width-initial elementor-widget elementor-widget-heading\" data-id=\"4c9e3a0\" data-element_type=\"widget\" data-e-type=\"widget\" data-widget_type=\"heading.default\">\n\t\t\t\t<div class=\"elementor-widget-container\">\n\t\t\t\t\t<h2 class=\"elementor-heading-title elementor-size-default\">Lunch<\/h2>\t\t\t\t<\/div>\n\t\t\t\t<\/div>\n\t\t\t\t<div class=\"elementor-element elementor-element-539fe8a elementor-widget elementor-widget-text-editor\" data-id=\"539fe8a\" data-element_type=\"widget\" data-e-type=\"widget\" data-widget_type=\"text-editor.default\">\n\t\t\t\t<div class=\"elementor-widget-container\">\n\t\t\t\t\t\t\t\t\t<p>m\u00e5ndag till fredag 11:30-14:30<\/p>\t\t\t\t\t\t\t\t<\/div>\n\t\t\t\t<\/div>\n\t\t\t\t<\/div>\n\t\t<div class=\"elementor-element elementor-element-53cdfbb e-con-full e-flex e-con e-parent\" data-id=\"53cdfbb\" data-element_type=\"container\" data-e-type=\"container\" data-settings=\"{&quot;background_background&quot;:&quot;classic&quot;}\">\n\t\t\t\t<div class=\"elementor-element elementor-element-dab7d68 elementor-widget elementor-widget-heading\" data-id=\"dab7d68\" data-element_type=\"widget\" data-e-type=\"widget\" data-widget_type=\"heading.default\">\n\t\t\t\t<div class=\"elementor-widget-container\">\n\t\t\t\t\t<h2 class=\"elementor-heading-title elementor-size-default\">Veckans Lunch<\/h2>\t\t\t\t<\/div>\n\t\t\t\t<\/div>\n\t\t\t\t<div class=\"elementor-element elementor-element-5deb890 elementor-widget__width-initial elementor-widget-mobile__width-inherit elementor-widget elementor-widget-text-editor\" data-id=\"5deb890\" data-element_type=\"widget\" data-e-type=\"widget\" data-widget_type=\"text-editor.default\">\n\t\t\t\t<div class=\"elementor-widget-container\">\n\t\t\t\t\t\t\t\t\t<p>S\u00e5 ta en v\u00e4lf\u00f6rtj\u00e4nt paus fr\u00e5n vardagen och njut av en v\u00e4lsmakande lunch i trevliga lokaler. Det serveras k\u00f6tt, vegetarisk &amp; en fiskr\u00e4tt varje dag. Till detta har vi en STOR salladsbuff\u00e9 med fr\u00e4scha sallader, goda r\u00f6ror samt egeninlagd sill. Vi har \u00e4ven hembakat br\u00f6d &amp; kn\u00e4ckebr\u00f6d.<\/p><p><em>Hinner ni inte sitta kvar, g\u00e5r det ocks\u00e5 j\u00e4ttebra med takeaway<\/em><\/p><p><i>LUNCHMENY v 18<\/i><\/p>\t\t\t\t\t\t\t\t<\/div>\n\t\t\t\t<\/div>\n\t\t\t\t<div class=\"elementor-element elementor-element-d56171d elementor-widget-divider--view-line elementor-widget elementor-widget-divider\" data-id=\"d56171d\" data-element_type=\"widget\" data-e-type=\"widget\" data-widget_type=\"divider.default\">\n\t\t\t\t<div class=\"elementor-widget-container\">\n\t\t\t\t\t\t\t<div class=\"elementor-divider\">\n\t\t\t<span class=\"elementor-divider-separator\">\n\t\t\t\t\t\t<\/span>\n\t\t<\/div>\n\t\t\t\t\t\t<\/div>\n\t\t\t\t<\/div>\n\t\t\t\t<\/div>\n\t\t<div class=\"elementor-element elementor-element-7aadcc1 e-flex e-con-boxed e-con e-parent\" data-id=\"7aadcc1\" data-element_type=\"container\" data-e-type=\"container\" data-settings=\"{&quot;background_background&quot;:&quot;classic&quot;}\">\n\t\t\t\t\t<div class=\"e-con-inner\">\n\t\t<div class=\"elementor-element elementor-element-c250627 e-flex e-con-boxed e-con e-child\" data-id=\"c250627\" data-element_type=\"container\" data-e-type=\"container\">\n\t\t\t\t\t<div class=\"e-con-inner\">\n\t\t\t\t<div class=\"elementor-element elementor-element-960c954 elementor-widget elementor-widget-heading\" data-id=\"960c954\" data-element_type=\"widget\" data-e-type=\"widget\" data-widget_type=\"heading.default\">\n\t\t\t\t<div class=\"elementor-widget-container\">\n\t\t\t\t\t<h2 class=\"elementor-heading-title elementor-size-default\">M\u00e5ndag<\/h2>\t\t\t\t<\/div>\n\t\t\t\t<\/div>\n\t\t\t\t<div class=\"elementor-element elementor-element-42ccd98 elementor-widget elementor-widget-text-editor\" data-id=\"42ccd98\" data-element_type=\"widget\" data-e-type=\"widget\" data-widget_type=\"text-editor.default\">\n\t\t\t\t<div class=\"elementor-widget-container\">\n\t\t\t\t\t\t\t\t\t<p><span style=\"font-weight: 400;\">Pannbiff med gr\u00e4dds\u00e5s kokt potatis samt r\u00e5r\u00f6rda lingon<\/span><\/p><p><span style=\"font-weight: 400;\">Dubbelpanerad kungsflundra med kr\u00e4mig r\u00e4kr\u00f6ra samt kokt potatis<\/span><\/p><p><span style=\"font-weight: 400;\">Broccolibiffar med tzatziki med pommes frites<\/span><\/p>\t\t\t\t\t\t\t\t<\/div>\n\t\t\t\t<\/div>\n\t\t\t\t<div class=\"elementor-element elementor-element-a364320 elementor-hidden-desktop elementor-hidden-tablet elementor-widget-divider--view-line elementor-widget elementor-widget-divider\" data-id=\"a364320\" data-element_type=\"widget\" data-e-type=\"widget\" data-widget_type=\"divider.default\">\n\t\t\t\t<div class=\"elementor-widget-container\">\n\t\t\t\t\t\t\t<div class=\"elementor-divider\">\n\t\t\t<span class=\"elementor-divider-separator\">\n\t\t\t\t\t\t<\/span>\n\t\t<\/div>\n\t\t\t\t\t\t<\/div>\n\t\t\t\t<\/div>\n\t\t\t\t\t<\/div>\n\t\t\t\t<\/div>\n\t\t<div class=\"elementor-element elementor-element-0404433 e-flex e-con-boxed e-con e-child\" data-id=\"0404433\" data-element_type=\"container\" data-e-type=\"container\">\n\t\t\t\t\t<div class=\"e-con-inner\">\n\t\t\t\t<div class=\"elementor-element elementor-element-9aec95d elementor-widget elementor-widget-heading\" data-id=\"9aec95d\" data-element_type=\"widget\" data-e-type=\"widget\" data-widget_type=\"heading.default\">\n\t\t\t\t<div class=\"elementor-widget-container\">\n\t\t\t\t\t<h2 class=\"elementor-heading-title elementor-size-default\">Tisdag<\/h2>\t\t\t\t<\/div>\n\t\t\t\t<\/div>\n\t\t\t\t<div class=\"elementor-element elementor-element-0ef7f9b elementor-widget__width-initial elementor-widget elementor-widget-text-editor\" data-id=\"0ef7f9b\" data-element_type=\"widget\" data-e-type=\"widget\" data-widget_type=\"text-editor.default\">\n\t\t\t\t<div class=\"elementor-widget-container\">\n\t\t\t\t\t\t\t\t\t<p><span style=\"font-weight: 400;\">Stekt fl\u00e4sk med raggmunk, bruna b\u00f6nor samt l\u00f6ks\u00e5s<\/span><\/p><p><span style=\"font-weight: 400;\">Dubbelpanerad kungsflundra med kr\u00e4mig r\u00e4kr\u00f6ra samt kokt potatis<\/span><\/p><p><span style=\"font-weight: 400;\">Morotsbiffar med chilli aioli &amp; kokt potatis<\/span><\/p>\t\t\t\t\t\t\t\t<\/div>\n\t\t\t\t<\/div>\n\t\t\t\t<div class=\"elementor-element elementor-element-7057d0e elementor-hidden-desktop elementor-hidden-tablet elementor-widget-divider--view-line elementor-widget elementor-widget-divider\" data-id=\"7057d0e\" data-element_type=\"widget\" data-e-type=\"widget\" data-widget_type=\"divider.default\">\n\t\t\t\t<div class=\"elementor-widget-container\">\n\t\t\t\t\t\t\t<div class=\"elementor-divider\">\n\t\t\t<span class=\"elementor-divider-separator\">\n\t\t\t\t\t\t<\/span>\n\t\t<\/div>\n\t\t\t\t\t\t<\/div>\n\t\t\t\t<\/div>\n\t\t\t\t\t<\/div>\n\t\t\t\t<\/div>\n\t\t<div class=\"elementor-element elementor-element-84241b6 e-flex e-con-boxed e-con e-child\" data-id=\"84241b6\" data-element_type=\"container\" data-e-type=\"container\">\n\t\t\t\t\t<div class=\"e-con-inner\">\n\t\t\t\t<div class=\"elementor-element elementor-element-516b420 elementor-widget elementor-widget-heading\" data-id=\"516b420\" data-element_type=\"widget\" data-e-type=\"widget\" data-widget_type=\"heading.default\">\n\t\t\t\t<div class=\"elementor-widget-container\">\n\t\t\t\t\t<h2 class=\"elementor-heading-title elementor-size-default\">Onsdag<\/h2>\t\t\t\t<\/div>\n\t\t\t\t<\/div>\n\t\t\t\t<div class=\"elementor-element elementor-element-58f3108 elementor-widget elementor-widget-text-editor\" data-id=\"58f3108\" data-element_type=\"widget\" data-e-type=\"widget\" data-widget_type=\"text-editor.default\">\n\t\t\t\t<div class=\"elementor-widget-container\">\n\t\t\t\t\t\t\t\t\t<p><span style=\"font-weight: 400;\">Fl\u00e4skkarre\u00a0 med klyftpotatis &amp; gr\u00e4dds\u00e5s ,\u00e4ppelmos<\/span><\/p><p><span style=\"font-weight: 400;\">Lax med vitt vin och dills\u00e5s samt kokt potatis<\/span><\/p><p><span style=\"font-weight: 400;\">Morotsbiff med rostad vitl\u00f6ksaioli, klyftpotatis<\/span><\/p>\t\t\t\t\t\t\t\t<\/div>\n\t\t\t\t<\/div>\n\t\t\t\t<div class=\"elementor-element elementor-element-59b3eb2 elementor-hidden-desktop elementor-hidden-tablet elementor-widget-divider--view-line elementor-widget elementor-widget-divider\" data-id=\"59b3eb2\" data-element_type=\"widget\" data-e-type=\"widget\" data-widget_type=\"divider.default\">\n\t\t\t\t<div class=\"elementor-widget-container\">\n\t\t\t\t\t\t\t<div class=\"elementor-divider\">\n\t\t\t<span class=\"elementor-divider-separator\">\n\t\t\t\t\t\t<\/span>\n\t\t<\/div>\n\t\t\t\t\t\t<\/div>\n\t\t\t\t<\/div>\n\t\t\t\t\t<\/div>\n\t\t\t\t<\/div>\n\t\t<div class=\"elementor-element elementor-element-0dda9ac e-flex e-con-boxed e-con e-child\" data-id=\"0dda9ac\" data-element_type=\"container\" data-e-type=\"container\">\n\t\t\t\t\t<div class=\"e-con-inner\">\n\t\t\t\t<div class=\"stax-visibility-hidden elementor-element elementor-element-50b127e stax-condition-yes stax-date_time_enabled-yes elementor-widget elementor-widget-text-editor\" style=\"display: none\" data-id=\"50b127e\" data-element_type=\"widget\" data-e-type=\"widget\" data-widget_type=\"text-editor.default\">\n\t\t\t\t<div class=\"elementor-widget-container\">\n\t\t\t\t\t\t\t\t\t<p>idag \u00e4r det<\/p>\t\t\t\t\t\t\t\t<\/div>\n\t\t\t\t<\/div>\n\t\t\t\t<div class=\"elementor-element elementor-element-f9d2c7c elementor-widget elementor-widget-heading\" data-id=\"f9d2c7c\" data-element_type=\"widget\" data-e-type=\"widget\" data-widget_type=\"heading.default\">\n\t\t\t\t<div class=\"elementor-widget-container\">\n\t\t\t\t\t<h3 class=\"elementor-heading-title elementor-size-default\">Torsdag<\/h3>\t\t\t\t<\/div>\n\t\t\t\t<\/div>\n\t\t\t\t<div class=\"elementor-element elementor-element-8eb4089 elementor-widget elementor-widget-text-editor\" data-id=\"8eb4089\" data-element_type=\"widget\" data-e-type=\"widget\" data-widget_type=\"text-editor.default\">\n\t\t\t\t<div class=\"elementor-widget-container\">\n\t\t\t\t\t\t\t\t\t<p><span style=\"font-weight: 400;\">\u00c4rtsoppa med fl\u00e4skbog, samt k\u00f6ttkorv serveras med klassisk tillbeh\u00f6r<\/span><\/p><p><span style=\"font-weight: 400;\">Fish n chips med dansk remoulade s\u00e5s<\/span><\/p><p><span style=\"font-weight: 400;\">Morotsbiff med rostad paprikacrem,\u00a0 klyftpotatis<\/span><\/p><p><span style=\"font-weight: 400;\">Pannkakor till alla v\u00e5ra g\u00e4ster<\/span><\/p><p>\u00a0<\/p>\t\t\t\t\t\t\t\t<\/div>\n\t\t\t\t<\/div>\n\t\t\t\t<div class=\"elementor-element elementor-element-eaab7dd elementor-hidden-desktop elementor-hidden-tablet elementor-widget-divider--view-line elementor-widget elementor-widget-divider\" data-id=\"eaab7dd\" data-element_type=\"widget\" data-e-type=\"widget\" data-widget_type=\"divider.default\">\n\t\t\t\t<div class=\"elementor-widget-container\">\n\t\t\t\t\t\t\t<div class=\"elementor-divider\">\n\t\t\t<span class=\"elementor-divider-separator\">\n\t\t\t\t\t\t<\/span>\n\t\t<\/div>\n\t\t\t\t\t\t<\/div>\n\t\t\t\t<\/div>\n\t\t\t\t\t<\/div>\n\t\t\t\t<\/div>\n\t\t<div class=\"elementor-element elementor-element-8fe8101 e-flex e-con-boxed e-con e-child\" data-id=\"8fe8101\" data-element_type=\"container\" data-e-type=\"container\">\n\t\t\t\t\t<div class=\"e-con-inner\">\n\t\t\t\t<div class=\"elementor-element elementor-element-f5211d4 elementor-widget elementor-widget-heading\" data-id=\"f5211d4\" data-element_type=\"widget\" data-e-type=\"widget\" data-widget_type=\"heading.default\">\n\t\t\t\t<div class=\"elementor-widget-container\">\n\t\t\t\t\t<h2 class=\"elementor-heading-title elementor-size-default\">Fredag<\/h2>\t\t\t\t<\/div>\n\t\t\t\t<\/div>\n\t\t\t\t<div class=\"elementor-element elementor-element-5affa01 elementor-widget elementor-widget-text-editor\" data-id=\"5affa01\" data-element_type=\"widget\" data-e-type=\"widget\" data-widget_type=\"text-editor.default\">\n\t\t\t\t<div class=\"elementor-widget-container\">\n\t\t\t\t\t\t\t\t\t<p><b>Fredag<\/b><\/p><p><span style=\"font-weight: 400;\">St\u00e4ngt f\u00f6r lunch \u00f6ppna 18:00!!!<\/span><\/p>\t\t\t\t\t\t\t\t<\/div>\n\t\t\t\t<\/div>\n\t\t\t\t\t<\/div>\n\t\t\t\t<\/div>\n\t\t\t\t\t<\/div>\n\t\t\t\t<\/div>\n\t\t<div class=\"elementor-element elementor-element-f8f914e e-con-full e-flex e-con e-parent\" data-id=\"f8f914e\" data-element_type=\"container\" data-e-type=\"container\" data-settings=\"{&quot;background_background&quot;:&quot;classic&quot;}\">\n\t\t<div class=\"elementor-element elementor-element-14053b2 e-con-full e-flex e-con e-child\" data-id=\"14053b2\" data-element_type=\"container\" data-e-type=\"container\">\n\t\t\t\t<div class=\"elementor-element elementor-element-a0403d2 elementor-widget__width-initial elementor-widget elementor-widget-heading\" data-id=\"a0403d2\" data-element_type=\"widget\" data-e-type=\"widget\" data-widget_type=\"heading.default\">\n\t\t\t\t<div class=\"elementor-widget-container\">\n\t\t\t\t\t<h2 class=\"elementor-heading-title elementor-size-default\">Lunch priser<\/h2>\t\t\t\t<\/div>\n\t\t\t\t<\/div>\n\t\t\t\t<div class=\"elementor-element elementor-element-09379a9 elementor-widget-mobile__width-initial elementor-widget__width-initial elementor-widget elementor-widget-text-editor\" data-id=\"09379a9\" data-element_type=\"widget\" data-e-type=\"widget\" data-widget_type=\"text-editor.default\">\n\t\t\t\t<div class=\"elementor-widget-container\">\n\t\t\t\t\t\t\t\t\t<p>M\u00e5ndag &#8211; Torsdag: <strong>132kr\u00a0<br \/><\/strong> Pension\u00e4rspris (m\u00e5n-tor): <strong>125kr<br \/><\/strong>Fredag: (grillbuff\u00e9 11.30-15.00) <strong>165kr<\/strong><\/p>\t\t\t\t\t\t\t\t<\/div>\n\t\t\t\t<\/div>\n\t\t\t\t<\/div>\n\t\t<div class=\"elementor-element elementor-element-901a33f e-con-full e-flex e-con e-child\" data-id=\"901a33f\" data-element_type=\"container\" data-e-type=\"container\">\n\t\t\t\t<div class=\"elementor-element elementor-element-ac3d2f8 elementor-widget__width-initial elementor-widget elementor-widget-heading\" data-id=\"ac3d2f8\" data-element_type=\"widget\" data-e-type=\"widget\" data-widget_type=\"heading.default\">\n\t\t\t\t<div class=\"elementor-widget-container\">\n\t\t\t\t\t<h2 class=\"elementor-heading-title elementor-size-default\">Takeaway<\/h2>\t\t\t\t<\/div>\n\t\t\t\t<\/div>\n\t\t\t\t<div class=\"elementor-element elementor-element-479ae8d elementor-widget-mobile__width-initial elementor-widget__width-initial elementor-widget elementor-widget-text-editor\" data-id=\"479ae8d\" data-element_type=\"widget\" data-e-type=\"widget\" data-widget_type=\"text-editor.default\">\n\t\t\t\t<div class=\"elementor-widget-container\">\n\t\t\t\t\t\t\t\t\t<p>Vi har takeaway l\u00e5dor och \u00e4ven takeaway bestick samt kaffemugg s\u00e5 du kan ta med dig en gener\u00f6s portion mat och njuta av en trevlig lunch hemma eller p\u00e5 ert kontor!<\/p>\t\t\t\t\t\t\t\t<\/div>\n\t\t\t\t<\/div>\n\t\t\t\t<\/div>\n\t\t<div class=\"elementor-element elementor-element-5611082 e-con-full e-flex e-con e-child\" data-id=\"5611082\" data-element_type=\"container\" data-e-type=\"container\">\n\t\t\t\t<div class=\"elementor-element elementor-element-fa65549 elementor-widget__width-initial elementor-widget elementor-widget-heading\" data-id=\"fa65549\" data-element_type=\"widget\" data-e-type=\"widget\" data-widget_type=\"heading.default\">\n\t\t\t\t<div class=\"elementor-widget-container\">\n\t\t\t\t\t<h2 class=\"elementor-heading-title elementor-size-default\">Lunchkort<\/h2>\t\t\t\t<\/div>\n\t\t\t\t<\/div>\n\t\t\t\t<div class=\"elementor-element elementor-element-17f47c1 elementor-widget-mobile__width-initial elementor-widget__width-initial elementor-widget elementor-widget-text-editor\" data-id=\"17f47c1\" data-element_type=\"widget\" data-e-type=\"widget\" data-widget_type=\"text-editor.default\">\n\t\t\t\t<div class=\"elementor-widget-container\">\n\t\t\t\t\t\t\t\t\t<p>K\u00f6p Lunch kort hos oss: <strong>10 luncher: 1200kr<\/strong> <br \/><em>kortet g\u00e4ller \u00e4ven grillbuff\u00e8 p\u00e5 fredagar &#8211; du sparar upp till 440kr<\/em><\/p>\t\t\t\t\t\t\t\t<\/div>\n\t\t\t\t<\/div>\n\t\t\t\t<\/div>\n\t\t\t\t<\/div>\n\t\t\t\t<\/div>\n\t\t","protected":false},"excerpt":{"rendered":"<p>Lunch m\u00e5ndag till fredag 11:30-14:30 Veckans Lunch S\u00e5 ta en v\u00e4lf\u00f6rtj\u00e4nt paus fr\u00e5n vardagen och njut av en v\u00e4lsmakande lunch i trevliga lokaler. Det serveras k\u00f6tt, vegetarisk &amp; en fiskr\u00e4tt varje dag. Till detta har vi en STOR salladsbuff\u00e9 med fr\u00e4scha sallader, goda r\u00f6ror samt egeninlagd sill. Vi har \u00e4ven hembakat br\u00f6d &amp; kn\u00e4ckebr\u00f6d. Hinner [&hellip;]<\/p>\n","protected":false},"author":1,"featured_media":0,"parent":0,"menu_order":0,"comment_status":"closed","ping_status":"closed","template":"elementor_header_footer","meta":{"footnotes":""},"class_list":["post-945","page","type-page","status-publish","hentry"],"yoast_head":"<!-- This site is optimized with the Yoast SEO plugin v27.5 - https:\/\/yoast.com\/product\/yoast-seo-wordpress\/ -->\n<title>Lunch i Lerum \u2013 buff\u00e9, grill &amp; takeaway p\u00e5 Torarica<\/title>\n<meta name=\"description\" content=\"Njut av lunch vardagar i centrala Lerum: k\u00f6tt-, fisk- &amp; vegetarisk r\u00e4tt, stor salladsbuff\u00e9, hembakat br\u00f6d. Fredagsgrill, takeaway &amp; lunchkort sparar pengar!\" \/>\n<meta name=\"robots\" content=\"index, follow, max-snippet:-1, max-image-preview:large, max-video-preview:-1\" \/>\n<link rel=\"canonical\" href=\"https:\/\/toraricalerum.se\/en\/lunch\/\" \/>\n<meta property=\"og:locale\" content=\"en_GB\" \/>\n<meta property=\"og:type\" content=\"article\" \/>\n<meta property=\"og:title\" content=\"Lunch i Lerum \u2013 buff\u00e9, grill &amp; takeaway p\u00e5 Torarica\" \/>\n<meta property=\"og:description\" content=\"Njut av lunch vardagar i centrala Lerum: k\u00f6tt-, fisk- &amp; vegetarisk r\u00e4tt, stor salladsbuff\u00e9, hembakat br\u00f6d. Fredagsgrill, takeaway &amp; lunchkort sparar pengar!\" \/>\n<meta property=\"og:url\" content=\"https:\/\/toraricalerum.se\/en\/lunch\/\" \/>\n<meta property=\"og:site_name\" content=\"Torarica Lerum\" \/>\n<meta property=\"article:publisher\" content=\"https:\/\/www.facebook.com\/people\/Restaurang-Torarica-Lerum\/100091755611342\/\" \/>\n<meta property=\"article:modified_time\" content=\"2026-04-25T18:05:39+00:00\" \/>\n<meta name=\"twitter:card\" content=\"summary_large_image\" \/>\n<meta name=\"twitter:label1\" content=\"Estimated reading time\" \/>\n\t<meta name=\"twitter:data1\" content=\"2 minutes\" \/>\n<script type=\"application\/ld+json\" class=\"yoast-schema-graph\">{\"@context\":\"https:\\\/\\\/schema.org\",\"@graph\":[{\"@type\":\"WebPage\",\"@id\":\"https:\\\/\\\/toraricalerum.se\\\/lunch\\\/\",\"url\":\"https:\\\/\\\/toraricalerum.se\\\/lunch\\\/\",\"name\":\"Lunch i Lerum \u2013 buff\u00e9, grill & takeaway p\u00e5 Torarica\",\"isPartOf\":{\"@id\":\"https:\\\/\\\/toraricalerum.se\\\/#website\"},\"datePublished\":\"2024-10-23T12:42:20+00:00\",\"dateModified\":\"2026-04-25T18:05:39+00:00\",\"description\":\"Njut av lunch vardagar i centrala Lerum: k\u00f6tt-, fisk- & vegetarisk r\u00e4tt, stor salladsbuff\u00e9, hembakat br\u00f6d. Fredagsgrill, takeaway & lunchkort sparar pengar!\",\"breadcrumb\":{\"@id\":\"https:\\\/\\\/toraricalerum.se\\\/lunch\\\/#breadcrumb\"},\"inLanguage\":\"en-GB\",\"potentialAction\":[{\"@type\":\"ReadAction\",\"target\":[\"https:\\\/\\\/toraricalerum.se\\\/lunch\\\/\"]}]},{\"@type\":\"BreadcrumbList\",\"@id\":\"https:\\\/\\\/toraricalerum.se\\\/lunch\\\/#breadcrumb\",\"itemListElement\":[{\"@type\":\"ListItem\",\"position\":1,\"name\":\"Home\",\"item\":\"https:\\\/\\\/toraricalerum.se\\\/\"},{\"@type\":\"ListItem\",\"position\":2,\"name\":\"Lunch\"}]},{\"@type\":\"WebSite\",\"@id\":\"https:\\\/\\\/toraricalerum.se\\\/#website\",\"url\":\"https:\\\/\\\/toraricalerum.se\\\/\",\"name\":\"Torarica Lerum\",\"description\":\"\",\"publisher\":{\"@id\":\"https:\\\/\\\/toraricalerum.se\\\/#organization\"},\"alternateName\":\"Torarica Bar & Grill\",\"potentialAction\":[{\"@type\":\"SearchAction\",\"target\":{\"@type\":\"EntryPoint\",\"urlTemplate\":\"https:\\\/\\\/toraricalerum.se\\\/?s={search_term_string}\"},\"query-input\":{\"@type\":\"PropertyValueSpecification\",\"valueRequired\":true,\"valueName\":\"search_term_string\"}}],\"inLanguage\":\"en-GB\"},{\"@type\":\"Organization\",\"@id\":\"https:\\\/\\\/toraricalerum.se\\\/#organization\",\"name\":\"Torarica Lerum\",\"alternateName\":\"Torarica Bar & Grill\",\"url\":\"https:\\\/\\\/toraricalerum.se\\\/\",\"logo\":{\"@type\":\"ImageObject\",\"inLanguage\":\"en-GB\",\"@id\":\"https:\\\/\\\/toraricalerum.se\\\/#\\\/schema\\\/logo\\\/image\\\/\",\"url\":\"https:\\\/\\\/toraricalerum.se\\\/wp-content\\\/uploads\\\/2024\\\/10\\\/T-bl-fav.png\",\"contentUrl\":\"https:\\\/\\\/toraricalerum.se\\\/wp-content\\\/uploads\\\/2024\\\/10\\\/T-bl-fav.png\",\"width\":528,\"height\":528,\"caption\":\"Torarica Lerum\"},\"image\":{\"@id\":\"https:\\\/\\\/toraricalerum.se\\\/#\\\/schema\\\/logo\\\/image\\\/\"},\"sameAs\":[\"https:\\\/\\\/www.facebook.com\\\/people\\\/Restaurang-Torarica-Lerum\\\/100091755611342\\\/\",\"https:\\\/\\\/www.instagram.com\\\/toraricalerumsportsbar\\\/\"]}]}<\/script>\n<!-- \/ Yoast SEO plugin. -->","yoast_head_json":{"title":"Lunch i Lerum \u2013 buff\u00e9, grill & takeaway p\u00e5 Torarica","description":"Njut av lunch vardagar i centrala Lerum: k\u00f6tt-, fisk- & vegetarisk r\u00e4tt, stor salladsbuff\u00e9, hembakat br\u00f6d. Fredagsgrill, takeaway & lunchkort sparar pengar!","robots":{"index":"index","follow":"follow","max-snippet":"max-snippet:-1","max-image-preview":"max-image-preview:large","max-video-preview":"max-video-preview:-1"},"canonical":"https:\/\/toraricalerum.se\/en\/lunch\/","og_locale":"en_GB","og_type":"article","og_title":"Lunch i Lerum \u2013 buff\u00e9, grill & takeaway p\u00e5 Torarica","og_description":"Njut av lunch vardagar i centrala Lerum: k\u00f6tt-, fisk- & vegetarisk r\u00e4tt, stor salladsbuff\u00e9, hembakat br\u00f6d. Fredagsgrill, takeaway & lunchkort sparar pengar!","og_url":"https:\/\/toraricalerum.se\/en\/lunch\/","og_site_name":"Torarica Lerum","article_publisher":"https:\/\/www.facebook.com\/people\/Restaurang-Torarica-Lerum\/100091755611342\/","article_modified_time":"2026-04-25T18:05:39+00:00","twitter_card":"summary_large_image","twitter_misc":{"Estimated reading time":"2 minutes"},"schema":{"@context":"https:\/\/schema.org","@graph":[{"@type":"WebPage","@id":"https:\/\/toraricalerum.se\/lunch\/","url":"https:\/\/toraricalerum.se\/lunch\/","name":"Lunch i Lerum \u2013 buff\u00e9, grill & takeaway p\u00e5 Torarica","isPartOf":{"@id":"https:\/\/toraricalerum.se\/#website"},"datePublished":"2024-10-23T12:42:20+00:00","dateModified":"2026-04-25T18:05:39+00:00","description":"Njut av lunch vardagar i centrala Lerum: k\u00f6tt-, fisk- & vegetarisk r\u00e4tt, stor salladsbuff\u00e9, hembakat br\u00f6d. Fredagsgrill, takeaway & lunchkort sparar pengar!","breadcrumb":{"@id":"https:\/\/toraricalerum.se\/lunch\/#breadcrumb"},"inLanguage":"en-GB","potentialAction":[{"@type":"ReadAction","target":["https:\/\/toraricalerum.se\/lunch\/"]}]},{"@type":"BreadcrumbList","@id":"https:\/\/toraricalerum.se\/lunch\/#breadcrumb","itemListElement":[{"@type":"ListItem","position":1,"name":"Home","item":"https:\/\/toraricalerum.se\/"},{"@type":"ListItem","position":2,"name":"Lunch"}]},{"@type":"WebSite","@id":"https:\/\/toraricalerum.se\/#website","url":"https:\/\/toraricalerum.se\/","name":"Torarica Lerum","description":"","publisher":{"@id":"https:\/\/toraricalerum.se\/#organization"},"alternateName":"Torarica Bar & Grill","potentialAction":[{"@type":"SearchAction","target":{"@type":"EntryPoint","urlTemplate":"https:\/\/toraricalerum.se\/?s={search_term_string}"},"query-input":{"@type":"PropertyValueSpecification","valueRequired":true,"valueName":"search_term_string"}}],"inLanguage":"en-GB"},{"@type":"Organization","@id":"https:\/\/toraricalerum.se\/#organization","name":"Torarica Lerum","alternateName":"Torarica Bar & Grill","url":"https:\/\/toraricalerum.se\/","logo":{"@type":"ImageObject","inLanguage":"en-GB","@id":"https:\/\/toraricalerum.se\/#\/schema\/logo\/image\/","url":"https:\/\/toraricalerum.se\/wp-content\/uploads\/2024\/10\/T-bl-fav.png","contentUrl":"https:\/\/toraricalerum.se\/wp-content\/uploads\/2024\/10\/T-bl-fav.png","width":528,"height":528,"caption":"Torarica Lerum"},"image":{"@id":"https:\/\/toraricalerum.se\/#\/schema\/logo\/image\/"},"sameAs":["https:\/\/www.facebook.com\/people\/Restaurang-Torarica-Lerum\/100091755611342\/","https:\/\/www.instagram.com\/toraricalerumsportsbar\/"]}]}},"_links":{"self":[{"href":"https:\/\/toraricalerum.se\/en\/wp-json\/wp\/v2\/pages\/945","targetHints":{"allow":["GET"]}}],"collection":[{"href":"https:\/\/toraricalerum.se\/en\/wp-json\/wp\/v2\/pages"}],"about":[{"href":"https:\/\/toraricalerum.se\/en\/wp-json\/wp\/v2\/types\/page"}],"author":[{"embeddable":true,"href":"https:\/\/toraricalerum.se\/en\/wp-json\/wp\/v2\/users\/1"}],"replies":[{"embeddable":true,"href":"https:\/\/toraricalerum.se\/en\/wp-json\/wp\/v2\/comments?post=945"}],"version-history":[{"count":757,"href":"https:\/\/toraricalerum.se\/en\/wp-json\/wp\/v2\/pages\/945\/revisions"}],"predecessor-version":[{"id":5260,"href":"https:\/\/toraricalerum.se\/en\/wp-json\/wp\/v2\/pages\/945\/revisions\/5260"}],"wp:attachment":[{"href":"https:\/\/toraricalerum.se\/en\/wp-json\/wp\/v2\/media?parent=945"}],"curies":[{"name":"wp","href":"https:\/\/api.w.org\/{rel}","templated":true}]}}